{"id":2520,"date":"2025-01-28T03:50:49","date_gmt":"2025-01-28T03:50:49","guid":{"rendered":"https:\/\/resqbit.com\/?page_id=2520"},"modified":"2025-01-29T02:46:46","modified_gmt":"2025-01-29T02:46:46","slug":"contactanos","status":"publish","type":"page","link":"https:\/\/www.resqbit.com\/en\/contactanos\/","title":{"rendered":"Cont\u00e1ctanos"},"content":{"rendered":"<div data-elementor-type=\"wp-page\" data-elementor-id=\"2520\" class=\"elementor elementor-2520\" data-elementor-post-type=\"page\">\n\t\t\t\t\t\t<section class=\"elementor-section elementor-top-section elementor-element elementor-element-00af2a0 elementor-section-boxed elementor-section-height-default elementor-section-height-default\" data-id=\"00af2a0\" data-element_type=\"section\" data-e-type=\"section\">\n\t\t\t\t\t\t<div class=\"elementor-container elementor-column-gap-default\">\n\t\t\t\t\t<div class=\"elementor-column elementor-col-100 elementor-top-column elementor-element elementor-element-33e32ea\" data-id=\"33e32ea\" data-element_type=\"column\" data-e-type=\"column\">\n\t\t\t<div class=\"elementor-widget-wrap elementor-element-populated\">\n\t\t\t\t\t\t<div class=\"elementor-element elementor-element-ee368ba elementor-widget elementor-widget-spacer\" data-id=\"ee368ba\" data-element_type=\"widget\" data-e-type=\"widget\" data-widget_type=\"spacer.default\">\n\t\t\t\t<div class=\"elementor-widget-container\">\n\t\t\t\t\t\t\t<div class=\"elementor-spacer\">\n\t\t\t<div class=\"elementor-spacer-inner\"><\/div>\n\t\t<\/div>\n\t\t\t\t\t\t<\/div>\n\t\t\t\t<\/div>\n\t\t\t\t\t<\/div>\n\t\t<\/div>\n\t\t\t\t\t<\/div>\n\t\t<\/section>\n\t\t\t\t<section class=\"elementor-section elementor-top-section elementor-element elementor-element-a3770b6 elementor-section-boxed elementor-section-height-default elementor-section-height-default\" data-id=\"a3770b6\" data-element_type=\"section\" data-e-type=\"section\" data-settings=\"{&quot;background_background&quot;:&quot;classic&quot;}\">\n\t\t\t\t\t\t<div class=\"elementor-container elementor-column-gap-default\">\n\t\t\t\t\t<div class=\"elementor-column elementor-col-100 elementor-top-column elementor-element elementor-element-49ce778\" data-id=\"49ce778\" data-element_type=\"column\" data-e-type=\"column\">\n\t\t\t<div class=\"elementor-widget-wrap elementor-element-populated\">\n\t\t\t\t\t\t<div class=\"elementor-element elementor-element-b41e0a8 elementor-widget elementor-widget-spacer\" data-id=\"b41e0a8\" data-element_type=\"widget\" data-e-type=\"widget\" data-widget_type=\"spacer.default\">\n\t\t\t\t<div class=\"elementor-widget-container\">\n\t\t\t\t\t\t\t<div class=\"elementor-spacer\">\n\t\t\t<div class=\"elementor-spacer-inner\"><\/div>\n\t\t<\/div>\n\t\t\t\t\t\t<\/div>\n\t\t\t\t<\/div>\n\t\t\t\t\t<\/div>\n\t\t<\/div>\n\t\t\t\t\t<\/div>\n\t\t<\/section>\n\t\t\t\t<section class=\"elementor-section elementor-top-section elementor-element elementor-element-37df3ba elementor-section-full_width elementor-section-height-default elementor-section-height-default\" data-id=\"37df3ba\" data-element_type=\"section\" data-e-type=\"section\">\n\t\t\t\t\t\t<div class=\"elementor-container elementor-column-gap-no\">\n\t\t\t\t\t<div class=\"elementor-column elementor-col-100 elementor-top-column elementor-element elementor-element-6c599ba\" data-id=\"6c599ba\" data-element_type=\"column\" data-e-type=\"column\">\n\t\t\t<div class=\"elementor-widget-wrap elementor-element-populated\">\n\t\t\t\t\t\t<div class=\"elementor-element elementor-element-c7fda53 elementor-widget elementor-widget-contact\" data-id=\"c7fda53\" data-element_type=\"widget\" data-e-type=\"widget\" data-widget_type=\"contact.default\">\n\t\t\t\t<div class=\"elementor-widget-container\">\n\t\t\t\t\t\n       <!-- Start Contact \n    ============================================= -->\n    <div class=\"contact-area overflow-hidden default-padding\">\n        <div class=\"container\">\n            <div class=\"row\">\n\n                <div class=\"col-lg-6 contact-form-box\">\n                    <div class=\"content\">\n                        <div class=\"heading\">\n                            <h2>\u00a1Podemos ayudarte!<\/h2>\n                            <p>Deja tus datos en manos de expertos, recuperamos lo que importa.<\/p>\n                        <\/div>\n                        \n<div class=\"wpcf7 no-js\" id=\"wpcf7-f6-o1\" lang=\"en-US\" dir=\"ltr\" data-wpcf7-id=\"6\">\n<div class=\"screen-reader-response\"><p role=\"status\" aria-live=\"polite\" aria-atomic=\"true\"><\/p> <ul><\/ul><\/div>\n<form action=\"\/en\/wp-json\/wp\/v2\/pages\/2520#wpcf7-f6-o1\" method=\"post\" class=\"wpcf7-form init\" aria-label=\"Contact form\" novalidate=\"novalidate\" data-status=\"init\" data-trp-original-action=\"\/en\/wp-json\/wp\/v2\/pages\/2520#wpcf7-f6-o1\">\n<fieldset class=\"hidden-fields-container\"><input type=\"hidden\" name=\"_wpcf7\" value=\"6\" \/><input type=\"hidden\" name=\"_wpcf7_version\" value=\"6.1.5\" \/><input type=\"hidden\" name=\"_wpcf7_locale\" value=\"en_US\" \/><input type=\"hidden\" name=\"_wpcf7_unit_tag\" value=\"wpcf7-f6-o1\" \/><input type=\"hidden\" name=\"_wpcf7_container_post\" value=\"0\" \/><input type=\"hidden\" name=\"_wpcf7_posted_data_hash\" value=\"\" \/><input type=\"hidden\" name=\"_wpcf7_recaptcha_response\" value=\"\" \/>\n<\/fieldset>\n<div class=\"row\">\n\t<div class=\"col-lg-6\">\n\t\t<div class=\"form-group\">\n\t\t\t<p><span class=\"wpcf7-form-control-wrap\" data-name=\"your-name\"><input size=\"40\" maxlength=\"400\" class=\"wpcf7-form-control wpcf7-text wpcf7-validates-as-required form-control\" id=\"name\" aria-required=\"true\" aria-invalid=\"false\" placeholder=\"Nombre\" value=\"\" type=\"text\" name=\"your-name\" \/><\/span><br \/>\n<span class=\"alert-error\"><\/span>\n\t\t\t<\/p>\n\t\t<\/div>\n\t<\/div>\n\t<div class=\"col-lg-6\">\n\t\t<div class=\"form-group\">\n\t\t\t<p><span class=\"wpcf7-form-control-wrap\" data-name=\"email\"><input size=\"40\" maxlength=\"400\" class=\"wpcf7-form-control wpcf7-email wpcf7-validates-as-required wpcf7-text wpcf7-validates-as-email form-control\" id=\"email\" aria-required=\"true\" aria-invalid=\"false\" placeholder=\"Email*\" value=\"\" type=\"email\" name=\"email\" \/><\/span><br \/>\n<span class=\"alert-error\"><\/span>\n\t\t\t<\/p>\n\t\t<\/div>\n\t<\/div>\n<\/div>\n<div class=\"row\">\n\t<div class=\"col-lg-12\">\n\t\t<div class=\"form-group\">\n\t\t\t<p><span class=\"wpcf7-form-control-wrap\" data-name=\"phone\"><input size=\"40\" maxlength=\"400\" class=\"wpcf7-form-control wpcf7-tel wpcf7-text wpcf7-validates-as-tel form-control\" id=\"phone\" aria-invalid=\"false\" placeholder=\"Tel\u00e9fono\" value=\"\" type=\"tel\" name=\"phone\" \/><\/span><br \/>\n<span class=\"alert-error\"><\/span>\n\t\t\t<\/p>\n\t\t<\/div>\n\t<\/div>\n<\/div>\n<div class=\"row\">\n\t<div class=\"col-lg-12\">\n\t\t<div class=\"form-group comments\">\n\t\t\t<p><span class=\"wpcf7-form-control-wrap\" data-name=\"comments\"><textarea cols=\"40\" rows=\"2\" maxlength=\"2000\" class=\"wpcf7-form-control wpcf7-textarea wpcf7-validates-as-required form-control\" id=\"comments\" aria-required=\"true\" aria-invalid=\"false\" placeholder=\"Describa su necesidad. *\" name=\"comments\"><\/textarea><\/span>\n\t\t\t<\/p>\n\t\t<\/div>\n\t<\/div>\n<\/div>\n<div class=\"row\">\n\t<div class=\"col-lg-12\">\n\t\t<p><button type=\"submit\" name=\"submit\" id=\"submit\">Contactar a un experto<\/button>\n\t\t<\/p>\n\t<\/div>\n<\/div>\n<!-- Alert Message -->\n<div class=\"col-md-12 alert-notification\">\n\t<div id=\"message\" class=\"alert-msg\">\n\t<\/div>\n<\/div><div class=\"wpcf7-response-output\" aria-hidden=\"true\"><\/div>\n<input type=\"hidden\" name=\"trp-form-language\" value=\"en\"\/><\/form>\n<\/div>\n                        <\/div>\n                <\/div>\n\n                <div class=\"col-lg-6 info\">\n                    <div class=\"contact-tabs\">\n                        <ul id=\"tabs\" class=\"nav nav-tabs\">\n                            <li class=\"nav-item\">\n                                <a href=\"\" data-target=\"#tab1\" data-toggle=\"tab\" class=\"active nav-link\">\n                                    Direcci\u00f3n                                <\/a>\n                            <\/li>\n                            <li class=\"nav-item\">\n                                <a href=\"\" data-target=\"#tab2\" data-toggle=\"tab\" class=\"nav-link\">\n                                    Google Maps                                <\/a>\n                            <\/li>\n                        <\/ul>\n                        <div id=\"tabsContent\" class=\"tab-content\">\n                            <div id=\"tab1\" class=\"tab-pane fade active show\">\n                                <ul>\n                                                <li>\n                                        <div class=\"icon\">\n                                            <i class=\"fas fa-map-marker-alt\"><\/i>\n                                        <\/div>\n                                        <div class=\"info\">\n                                            <p>\n                                                Direcci\u00f3n                                                <span><a class=\"icon_normal\" href=\"https:\/\/maps.app.goo.gl\/oiprVCxjDWHC1ZW26\"> Av. H. Colegio Militar 4709, Chihuahua, Chih.<\/a><\/span>\n                                            <\/p>\n                                        <\/div>\n                                    <\/li>\n                                                                        <li>\n                                        <div class=\"icon\">\n                                            <i class=\"fas fa-envelope-open\"><\/i>\n                                        <\/div>\n                                        <div class=\"info\">\n                                            <p>\n                                                Email                                                <span><a class=\"icon_normal\" href=\"mailto:hola@resqbit.com\">contacto@resqbit.com<\/a><\/span>\n                                            <\/p>\n                                        <\/div>\n                                    <\/li>\n                                                                        <li>\n                                        <div class=\"icon\">\n                                            <i class=\"fas fa-phone\"><\/i>\n                                        <\/div>\n                                        <div class=\"info\">\n                                            <p>\n                                                Tel\u00e9fono                                                <span><a class=\"icon_normal\" href=\"tel: +52 1 (614) 533 2332\">+52 1 (614) 533 2332<\/a><\/span>\n                                            <\/p>\n                                        <\/div>\n                                    <\/li>\n                                                                    <\/ul>\n                            <\/div>\n                            <div id=\"tab2\" class=\"tab-pane fade\">\n                                <iframe src=\"https:\/\/www.google.com\/maps\/embed?pb=!1m18!1m12!1m3!1d9038.443659533172!2d-106.08273662221012!3d28.674184682183768!2m3!1f0!2f0!3f0!3m2!1i1024!2i768!4f13.1!3m3!1m2!1s0x86ea43765fe0b37f%3A0x767fab18baecd53d!2sParque%20de%20Innovaci%C3%B3n%20y%20Transferencia%20de%20Tecnolog%C3%ADa%2C%20Av.%20H.%20Colegio%20Militar%204709%2C%20Nombre%20de%20Dios%2C%2031150%20Chihuahua%2C%20Chih.!5e1!3m2!1ses-419!2smx!4v1738036454019!5m2!1ses-419!2smx&quot; width=&quot;600&quot; height=&quot;450&quot; style=&quot;border:0;&quot; allowfullscreen=&quot;&quot; loading=&quot;lazy&quot; referrerpolicy=&quot;no-referrer-when-downgrade\"><\/iframe>\n                            <\/div>\n                        <\/div>\n                    <\/div>\n                <\/div>\n\n            <\/div>\n        <\/div>\n    <\/div>\n    <!-- End Contact Area -->\n\n    \t\t\t\t<\/div>\n\t\t\t\t<\/div>\n\t\t\t\t\t<\/div>\n\t\t<\/div>\n\t\t\t\t\t<\/div>\n\t\t<\/section>\n\t\t\t\t<\/div>","protected":false},"excerpt":{"rendered":"<p>\u00a1Podemos ayudarte! Deja tus datos en manos de expertos, recuperamos lo que importa. Contactar a un experto Direcci\u00f3n Google Maps Direcci\u00f3n Av. H. Colegio Militar 4709, Chihuahua, Chih. Email contacto@resqbit.com Tel\u00e9fono +52 1 (614) 533 2332<\/p>","protected":false},"author":1,"featured_media":335,"parent":0,"menu_order":0,"comment_status":"closed","ping_status":"closed","template":"page-templates\/home1.php","meta":{"_joinchat":[],"footnotes":""},"class_list":["post-2520","page","type-page","status-publish","has-post-thumbnail","hentry"],"yoast_head":"<!-- This site is optimized with the Yoast SEO plugin v27.2 - https:\/\/yoast.com\/product\/yoast-seo-wordpress\/ -->\n<title>Cont\u00e1ctanos - ResQbit<\/title>\n<meta name=\"robots\" content=\"index, follow, max-snippet:-1, max-image-preview:large, max-video-preview:-1\" \/>\n<link rel=\"canonical\" href=\"https:\/\/www.resqbit.com\/en\/contactanos\/\" \/>\n<meta property=\"og:locale\" content=\"en_US\" \/>\n<meta property=\"og:type\" content=\"article\" \/>\n<meta property=\"og:title\" content=\"Cont\u00e1ctanos - ResQbit\" \/>\n<meta property=\"og:description\" content=\"\u00a1Podemos ayudarte! Deja tus datos en manos de expertos, recuperamos lo que importa. Contactar a un experto Direcci\u00f3n Google Maps Direcci\u00f3n Av. H. Colegio Militar 4709, Chihuahua, Chih. Email contacto@resqbit.com Tel\u00e9fono +52 1 (614) 533 2332\" \/>\n<meta property=\"og:url\" content=\"https:\/\/www.resqbit.com\/en\/contactanos\/\" \/>\n<meta property=\"og:site_name\" content=\"ResQbit\" \/>\n<meta property=\"article:modified_time\" content=\"2025-01-29T02:46:46+00:00\" \/>\n<meta property=\"og:image\" content=\"https:\/\/www.resqbit.com\/wp-content\/uploads\/2022\/02\/6-1.jpg\" \/>\n\t<meta property=\"og:image:width\" content=\"1900\" \/>\n\t<meta property=\"og:image:height\" content=\"1267\" \/>\n\t<meta property=\"og:image:type\" content=\"image\/jpeg\" \/>\n<meta name=\"twitter:card\" content=\"summary_large_image\" \/>\n<meta name=\"twitter:label1\" content=\"Est. reading time\" \/>\n\t<meta name=\"twitter:data1\" content=\"1 minute\" \/>\n<script type=\"application\/ld+json\" class=\"yoast-schema-graph\">{\"@context\":\"https:\/\/schema.org\",\"@graph\":[{\"@type\":\"WebPage\",\"@id\":\"https:\/\/www.resqbit.com\/contactanos\/\",\"url\":\"https:\/\/www.resqbit.com\/contactanos\/\",\"name\":\"Cont\u00e1ctanos - ResQbit\",\"isPartOf\":{\"@id\":\"https:\/\/www.resqbit.com\/#website\"},\"primaryImageOfPage\":{\"@id\":\"https:\/\/www.resqbit.com\/contactanos\/#primaryimage\"},\"image\":{\"@id\":\"https:\/\/www.resqbit.com\/contactanos\/#primaryimage\"},\"thumbnailUrl\":\"https:\/\/www.resqbit.com\/wp-content\/uploads\/2022\/02\/6-1.jpg\",\"datePublished\":\"2025-01-28T03:50:49+00:00\",\"dateModified\":\"2025-01-29T02:46:46+00:00\",\"breadcrumb\":{\"@id\":\"https:\/\/www.resqbit.com\/contactanos\/#breadcrumb\"},\"inLanguage\":\"en-US\",\"potentialAction\":[{\"@type\":\"ReadAction\",\"target\":[\"https:\/\/www.resqbit.com\/contactanos\/\"]}]},{\"@type\":\"ImageObject\",\"inLanguage\":\"en-US\",\"@id\":\"https:\/\/www.resqbit.com\/contactanos\/#primaryimage\",\"url\":\"https:\/\/www.resqbit.com\/wp-content\/uploads\/2022\/02\/6-1.jpg\",\"contentUrl\":\"https:\/\/www.resqbit.com\/wp-content\/uploads\/2022\/02\/6-1.jpg\",\"width\":1900,\"height\":1267},{\"@type\":\"BreadcrumbList\",\"@id\":\"https:\/\/www.resqbit.com\/contactanos\/#breadcrumb\",\"itemListElement\":[{\"@type\":\"ListItem\",\"position\":1,\"name\":\"Home\",\"item\":\"https:\/\/www.resqbit.com\/\"},{\"@type\":\"ListItem\",\"position\":2,\"name\":\"Cont\u00e1ctanos\"}]},{\"@type\":\"WebSite\",\"@id\":\"https:\/\/www.resqbit.com\/#website\",\"url\":\"https:\/\/www.resqbit.com\/\",\"name\":\"ResQbit\",\"description\":\"Recuperaci\u00f3n de discos duros\",\"publisher\":{\"@id\":\"https:\/\/www.resqbit.com\/#organization\"},\"potentialAction\":[{\"@type\":\"SearchAction\",\"target\":{\"@type\":\"EntryPoint\",\"urlTemplate\":\"https:\/\/www.resqbit.com\/?s={search_term_string}\"},\"query-input\":{\"@type\":\"PropertyValueSpecification\",\"valueRequired\":true,\"valueName\":\"search_term_string\"}}],\"inLanguage\":\"en-US\"},{\"@type\":\"Organization\",\"@id\":\"https:\/\/www.resqbit.com\/#organization\",\"name\":\"ResQbit\",\"url\":\"https:\/\/www.resqbit.com\/\",\"logo\":{\"@type\":\"ImageObject\",\"inLanguage\":\"en-US\",\"@id\":\"https:\/\/www.resqbit.com\/#\/schema\/logo\/image\/\",\"url\":\"https:\/\/www.resqbit.com\/wp-content\/uploads\/2025\/01\/Resqbit-web.webp\",\"contentUrl\":\"https:\/\/www.resqbit.com\/wp-content\/uploads\/2025\/01\/Resqbit-web.webp\",\"width\":222,\"height\":101,\"caption\":\"ResQbit\"},\"image\":{\"@id\":\"https:\/\/www.resqbit.com\/#\/schema\/logo\/image\/\"}}]}<\/script>\n<!-- \/ Yoast SEO plugin. -->","yoast_head_json":{"title":"Cont\u00e1ctanos - ResQbit","robots":{"index":"index","follow":"follow","max-snippet":"max-snippet:-1","max-image-preview":"max-image-preview:large","max-video-preview":"max-video-preview:-1"},"canonical":"https:\/\/www.resqbit.com\/en\/contactanos\/","og_locale":"en_US","og_type":"article","og_title":"Cont\u00e1ctanos - ResQbit","og_description":"\u00a1Podemos ayudarte! Deja tus datos en manos de expertos, recuperamos lo que importa. Contactar a un experto Direcci\u00f3n Google Maps Direcci\u00f3n Av. H. Colegio Militar 4709, Chihuahua, Chih. Email contacto@resqbit.com Tel\u00e9fono +52 1 (614) 533 2332","og_url":"https:\/\/www.resqbit.com\/en\/contactanos\/","og_site_name":"ResQbit","article_modified_time":"2025-01-29T02:46:46+00:00","og_image":[{"width":1900,"height":1267,"url":"https:\/\/www.resqbit.com\/wp-content\/uploads\/2022\/02\/6-1.jpg","type":"image\/jpeg"}],"twitter_card":"summary_large_image","twitter_misc":{"Est. reading time":"1 minute"},"schema":{"@context":"https:\/\/schema.org","@graph":[{"@type":"WebPage","@id":"https:\/\/www.resqbit.com\/contactanos\/","url":"https:\/\/www.resqbit.com\/contactanos\/","name":"Cont\u00e1ctanos - ResQbit","isPartOf":{"@id":"https:\/\/www.resqbit.com\/#website"},"primaryImageOfPage":{"@id":"https:\/\/www.resqbit.com\/contactanos\/#primaryimage"},"image":{"@id":"https:\/\/www.resqbit.com\/contactanos\/#primaryimage"},"thumbnailUrl":"https:\/\/www.resqbit.com\/wp-content\/uploads\/2022\/02\/6-1.jpg","datePublished":"2025-01-28T03:50:49+00:00","dateModified":"2025-01-29T02:46:46+00:00","breadcrumb":{"@id":"https:\/\/www.resqbit.com\/contactanos\/#breadcrumb"},"inLanguage":"en-US","potentialAction":[{"@type":"ReadAction","target":["https:\/\/www.resqbit.com\/contactanos\/"]}]},{"@type":"ImageObject","inLanguage":"en-US","@id":"https:\/\/www.resqbit.com\/contactanos\/#primaryimage","url":"https:\/\/www.resqbit.com\/wp-content\/uploads\/2022\/02\/6-1.jpg","contentUrl":"https:\/\/www.resqbit.com\/wp-content\/uploads\/2022\/02\/6-1.jpg","width":1900,"height":1267},{"@type":"BreadcrumbList","@id":"https:\/\/www.resqbit.com\/contactanos\/#breadcrumb","itemListElement":[{"@type":"ListItem","position":1,"name":"Home","item":"https:\/\/www.resqbit.com\/"},{"@type":"ListItem","position":2,"name":"Cont\u00e1ctanos"}]},{"@type":"WebSite","@id":"https:\/\/www.resqbit.com\/#website","url":"https:\/\/www.resqbit.com\/","name":"ResQbit","description":"Recuperaci\u00f3n de discos duros","publisher":{"@id":"https:\/\/www.resqbit.com\/#organization"},"potentialAction":[{"@type":"SearchAction","target":{"@type":"EntryPoint","urlTemplate":"https:\/\/www.resqbit.com\/?s={search_term_string}"},"query-input":{"@type":"PropertyValueSpecification","valueRequired":true,"valueName":"search_term_string"}}],"inLanguage":"en-US"},{"@type":"Organization","@id":"https:\/\/www.resqbit.com\/#organization","name":"ResQbit","url":"https:\/\/www.resqbit.com\/","logo":{"@type":"ImageObject","inLanguage":"en-US","@id":"https:\/\/www.resqbit.com\/#\/schema\/logo\/image\/","url":"https:\/\/www.resqbit.com\/wp-content\/uploads\/2025\/01\/Resqbit-web.webp","contentUrl":"https:\/\/www.resqbit.com\/wp-content\/uploads\/2025\/01\/Resqbit-web.webp","width":222,"height":101,"caption":"ResQbit"},"image":{"@id":"https:\/\/www.resqbit.com\/#\/schema\/logo\/image\/"}}]}},"_links":{"self":[{"href":"https:\/\/www.resqbit.com\/en\/wp-json\/wp\/v2\/pages\/2520","targetHints":{"allow":["GET"]}}],"collection":[{"href":"https:\/\/www.resqbit.com\/en\/wp-json\/wp\/v2\/pages"}],"about":[{"href":"https:\/\/www.resqbit.com\/en\/wp-json\/wp\/v2\/types\/page"}],"author":[{"embeddable":true,"href":"https:\/\/www.resqbit.com\/en\/wp-json\/wp\/v2\/users\/1"}],"replies":[{"embeddable":true,"href":"https:\/\/www.resqbit.com\/en\/wp-json\/wp\/v2\/comments?post=2520"}],"version-history":[{"count":13,"href":"https:\/\/www.resqbit.com\/en\/wp-json\/wp\/v2\/pages\/2520\/revisions"}],"predecessor-version":[{"id":2639,"href":"https:\/\/www.resqbit.com\/en\/wp-json\/wp\/v2\/pages\/2520\/revisions\/2639"}],"wp:featuredmedia":[{"embeddable":true,"href":"https:\/\/www.resqbit.com\/en\/wp-json\/wp\/v2\/media\/335"}],"wp:attachment":[{"href":"https:\/\/www.resqbit.com\/en\/wp-json\/wp\/v2\/media?parent=2520"}],"curies":[{"name":"wp","href":"https:\/\/api.w.org\/{rel}","templated":true}]}}