{"id":3,"date":"2025-01-03T22:19:47","date_gmt":"2025-01-03T22:19:47","guid":{"rendered":"https:\/\/resqbit.com\/?page_id=3"},"modified":"2025-01-29T02:45:24","modified_gmt":"2025-01-29T02:45:24","slug":"politica-de-privacidad","status":"publish","type":"page","link":"https:\/\/www.resqbit.com\/en\/politica-de-privacidad\/","title":{"rendered":"Pol\u00edtica de Privacidad"},"content":{"rendered":"<div data-elementor-type=\"wp-page\" data-elementor-id=\"3\" class=\"elementor elementor-3\" data-elementor-post-type=\"page\">\n\t\t\t\t\t\t<section class=\"elementor-section elementor-top-section elementor-element elementor-element-80aa179 elementor-section-boxed elementor-section-height-default elementor-section-height-default\" data-id=\"80aa179\" data-element_type=\"section\" data-e-type=\"section\">\n\t\t\t\t\t\t<div class=\"elementor-container elementor-column-gap-default\">\n\t\t\t\t\t<div class=\"elementor-column elementor-col-100 elementor-top-column elementor-element elementor-element-7f73da5\" data-id=\"7f73da5\" data-element_type=\"column\" data-e-type=\"column\">\n\t\t\t<div class=\"elementor-widget-wrap elementor-element-populated\">\n\t\t\t\t\t\t<div class=\"elementor-element elementor-element-35ea9ff elementor-widget elementor-widget-spacer\" data-id=\"35ea9ff\" data-element_type=\"widget\" data-e-type=\"widget\" data-widget_type=\"spacer.default\">\n\t\t\t\t<div class=\"elementor-widget-container\">\n\t\t\t\t\t\t\t<div class=\"elementor-spacer\">\n\t\t\t<div class=\"elementor-spacer-inner\"><\/div>\n\t\t<\/div>\n\t\t\t\t\t\t<\/div>\n\t\t\t\t<\/div>\n\t\t\t\t\t<\/div>\n\t\t<\/div>\n\t\t\t\t\t<\/div>\n\t\t<\/section>\n\t\t\t\t<section class=\"elementor-section elementor-top-section elementor-element elementor-element-4ea2a3d5 elementor-section-boxed elementor-section-height-default elementor-section-height-default\" data-id=\"4ea2a3d5\" data-element_type=\"section\" data-e-type=\"section\">\n\t\t\t\t\t\t<div class=\"elementor-container elementor-column-gap-default\">\n\t\t\t\t\t<div class=\"elementor-column elementor-col-100 elementor-top-column elementor-element elementor-element-4166ec8f\" data-id=\"4166ec8f\" data-element_type=\"column\" data-e-type=\"column\">\n\t\t\t<div class=\"elementor-widget-wrap elementor-element-populated\">\n\t\t\t\t\t\t<div class=\"elementor-element elementor-element-11f787ff elementor-widget elementor-widget-text-editor\" data-id=\"11f787ff\" data-element_type=\"widget\" data-e-type=\"widget\" data-widget_type=\"text-editor.default\">\n\t\t\t\t<div class=\"elementor-widget-container\">\n\t\t\t\t\t\t\t\t\t\n<h2 class=\"wp-block-heading\" data-pm-slice=\"1 1 []\"><strong>Pol\u00edtica de Privacidad de ResQbit<\/strong><\/h2>\n<p>En ResQbit, nos comprometemos a proteger la privacidad de nuestros clientes y usuarios. Esta Pol\u00edtica de Privacidad describe c\u00f3mo recopilamos, usamos, almacenamos y protegemos tu informaci\u00f3n personal. Al utilizar nuestro sitio web o servicios, aceptas los t\u00e9rminos de esta pol\u00edtica.<\/p>\n<h3><strong>1. Informaci\u00f3n que recopilamos<\/strong><\/h3>\n<p>Podemos recopilar los siguientes tipos de informaci\u00f3n:<\/p>\n<ul data-spread=\"false\">\n<li>\n<p><strong>Informaci\u00f3n personal proporcionada por ti<\/strong>: Nombre, direcci\u00f3n de correo electr\u00f3nico, tel\u00e9fono, direcci\u00f3n f\u00edsica y otros datos que proporciones al contactarnos o al usar nuestros servicios.<\/p>\n<\/li>\n<li>\n<p><strong>Informaci\u00f3n t\u00e9cnica<\/strong>: Direcci\u00f3n IP, tipo de navegador, sistema operativo y datos sobre tu interacci\u00f3n con nuestro sitio web, recopilados a trav\u00e9s de cookies u otras tecnolog\u00edas similares.<\/p>\n<\/li>\n<li>\n<p><strong>Datos relacionados con la recuperaci\u00f3n de informaci\u00f3n<\/strong>: Archivos, datos y cualquier otra informaci\u00f3n que necesitemos para realizar nuestros servicios.<\/p>\n<\/li>\n<\/ul>\n<h3><strong>2. Uso de la informaci\u00f3n<\/strong><\/h3>\n<p>Utilizamos la informaci\u00f3n recopilada para:<\/p>\n<ul data-spread=\"false\">\n<li>\n<p>Prestar y mejorar nuestros servicios de recuperaci\u00f3n de datos.<\/p>\n<\/li>\n<li>\n<p>Comunicarnos contigo sobre tu solicitud de servicio, actualizaciones o soporte.<\/p>\n<\/li>\n<li>\n<p>Cumplir con nuestras obligaciones legales y contractuales.<\/p>\n<\/li>\n<li>\n<p>Garantizar la seguridad de tu informaci\u00f3n y prevenir actividades fraudulentas.<\/p>\n<\/li>\n<\/ul>\n<h3><strong>3. Protecci\u00f3n de tus datos<\/strong><\/h3>\n<p>Implementamos medidas de seguridad t\u00e9cnicas, administrativas y f\u00edsicas para proteger tu informaci\u00f3n personal y los datos que nos conf\u00edas. Acceso restringido, encriptaci\u00f3n y almacenamiento seguro son algunas de las t\u00e9cnicas que utilizamos para salvaguardar tu privacidad.<\/p>\n<h3><strong>4. Compartici\u00f3n de informaci\u00f3n<\/strong><\/h3>\n<p>No compartimos, vendemos ni alquilamos tu informaci\u00f3n personal a terceros, excepto en los siguientes casos:<\/p>\n<ul data-spread=\"false\">\n<li>\n<p>Cuando sea necesario para prestar el servicio que solicitaste.<\/p>\n<\/li>\n<li>\n<p>Cuando lo exija la ley o una orden judicial.<\/p>\n<\/li>\n<li>\n<p>Para proteger nuestros derechos, seguridad o propiedad.<\/p>\n<\/li>\n<\/ul>\n<h3><strong>5. Tus derechos<\/strong><\/h3>\n<p>Tienes derecho a:<\/p>\n<ul data-spread=\"false\">\n<li>\n<p>Acceder, corregir o actualizar tu informaci\u00f3n personal.<\/p>\n<\/li>\n<li>\n<p>Solicitar la eliminaci\u00f3n de tus datos, salvo en casos donde estemos obligados a conservarlos por razones legales o contractuales.<\/p>\n<\/li>\n<li>\n<p>Retirar tu consentimiento para el tratamiento de tus datos en cualquier momento.<\/p>\n<\/li>\n<\/ul>\n<p>Para ejercer tus derechos, cont\u00e1ctanos en <a><strong>contacto@Resqbit.com<\/strong><\/a>.<\/p>\n<h3><strong>6. Uso de cookies<\/strong><\/h3>\n<p>Nuestro sitio web utiliza cookies para mejorar tu experiencia de navegaci\u00f3n y analizar el uso del sitio. Puedes configurar tu navegador para rechazar cookies, aunque esto podr\u00eda limitar algunas funciones del sitio.<\/p>\n<h3><strong>7. Cambios a esta pol\u00edtica<\/strong><\/h3>\n<p>Nos reservamos el derecho de actualizar esta Pol\u00edtica de Privacidad en cualquier momento. Cualquier cambio ser\u00e1 publicado en esta p\u00e1gina con la fecha de \u00faltima actualizaci\u00f3n.<\/p>\n<h3><strong>8. Contacto<\/strong><\/h3>\n<p>Si tienes preguntas o inquietudes sobre esta Pol\u00edtica de Privacidad, cont\u00e1ctanos en:<\/p>\n<p><strong>Correo electr\u00f3nico:<\/strong> <a>contacto@Resqbit.com<\/a><\/p>\n<p><strong>Fecha de \u00faltima actualizaci\u00f3n:<\/strong> 27 de Enero de 2025.<\/p>\n\n<p>\u00a0<\/p>\t\t\t\t\t\t\t\t<\/div>\n\t\t\t\t<\/div>\n\t\t\t\t\t<\/div>\n\t\t<\/div>\n\t\t\t\t\t<\/div>\n\t\t<\/section>\n\t\t\t\t<\/div>","protected":false},"excerpt":{"rendered":"<p>Pol\u00edtica de Privacidad de ResQbit En ResQbit, nos comprometemos a proteger la privacidad de nuestros clientes y usuarios. Esta Pol\u00edtica de Privacidad describe c\u00f3mo recopilamos, usamos, almacenamos y protegemos tu informaci\u00f3n personal. Al utilizar nuestro sitio web o servicios, aceptas los t\u00e9rminos de esta pol\u00edtica. 1. Informaci\u00f3n que recopilamos Podemos recopilar los siguientes tipos de [&hellip;]<\/p>\n","protected":false},"author":1,"featured_media":0,"parent":0,"menu_order":0,"comment_status":"closed","ping_status":"closed","template":"page-templates\/home1.php","meta":{"_joinchat":[],"footnotes":""},"class_list":["post-3","page","type-page","status-publish","hentry"],"yoast_head":"<!-- This site is optimized with the Yoast SEO plugin v27.2 - https:\/\/yoast.com\/product\/yoast-seo-wordpress\/ -->\n<title>Pol\u00edtica de Privacidad - ResQbit<\/title>\n<meta name=\"robots\" content=\"index, follow, max-snippet:-1, max-image-preview:large, max-video-preview:-1\" \/>\n<link rel=\"canonical\" href=\"https:\/\/www.resqbit.com\/en\/politica-de-privacidad\/\" \/>\n<meta property=\"og:locale\" content=\"en_US\" \/>\n<meta property=\"og:type\" content=\"article\" \/>\n<meta property=\"og:title\" content=\"Pol\u00edtica de Privacidad - ResQbit\" \/>\n<meta property=\"og:description\" content=\"Pol\u00edtica de Privacidad de ResQbit En ResQbit, nos comprometemos a proteger la privacidad de nuestros clientes y usuarios. Esta Pol\u00edtica de Privacidad describe c\u00f3mo recopilamos, usamos, almacenamos y protegemos tu informaci\u00f3n personal. Al utilizar nuestro sitio web o servicios, aceptas los t\u00e9rminos de esta pol\u00edtica. 1. Informaci\u00f3n que recopilamos Podemos recopilar los siguientes tipos de [&hellip;]\" \/>\n<meta property=\"og:url\" content=\"https:\/\/www.resqbit.com\/en\/politica-de-privacidad\/\" \/>\n<meta property=\"og:site_name\" content=\"ResQbit\" \/>\n<meta property=\"article:modified_time\" content=\"2025-01-29T02:45:24+00:00\" \/>\n<meta name=\"twitter:card\" content=\"summary_large_image\" \/>\n<meta name=\"twitter:label1\" content=\"Est. reading time\" \/>\n\t<meta name=\"twitter:data1\" content=\"2 minutes\" \/>\n<script type=\"application\/ld+json\" class=\"yoast-schema-graph\">{\"@context\":\"https:\/\/schema.org\",\"@graph\":[{\"@type\":\"WebPage\",\"@id\":\"https:\/\/www.resqbit.com\/politica-de-privacidad\/\",\"url\":\"https:\/\/www.resqbit.com\/politica-de-privacidad\/\",\"name\":\"Pol\u00edtica de Privacidad - ResQbit\",\"isPartOf\":{\"@id\":\"https:\/\/www.resqbit.com\/#website\"},\"datePublished\":\"2025-01-03T22:19:47+00:00\",\"dateModified\":\"2025-01-29T02:45:24+00:00\",\"breadcrumb\":{\"@id\":\"https:\/\/www.resqbit.com\/politica-de-privacidad\/#breadcrumb\"},\"inLanguage\":\"en-US\",\"potentialAction\":[{\"@type\":\"ReadAction\",\"target\":[\"https:\/\/www.resqbit.com\/politica-de-privacidad\/\"]}]},{\"@type\":\"BreadcrumbList\",\"@id\":\"https:\/\/www.resqbit.com\/politica-de-privacidad\/#breadcrumb\",\"itemListElement\":[{\"@type\":\"ListItem\",\"position\":1,\"name\":\"Home\",\"item\":\"https:\/\/www.resqbit.com\/\"},{\"@type\":\"ListItem\",\"position\":2,\"name\":\"Pol\u00edtica de Privacidad\"}]},{\"@type\":\"WebSite\",\"@id\":\"https:\/\/www.resqbit.com\/#website\",\"url\":\"https:\/\/www.resqbit.com\/\",\"name\":\"ResQbit\",\"description\":\"Recuperaci\u00f3n de discos duros\",\"publisher\":{\"@id\":\"https:\/\/www.resqbit.com\/#organization\"},\"potentialAction\":[{\"@type\":\"SearchAction\",\"target\":{\"@type\":\"EntryPoint\",\"urlTemplate\":\"https:\/\/www.resqbit.com\/?s={search_term_string}\"},\"query-input\":{\"@type\":\"PropertyValueSpecification\",\"valueRequired\":true,\"valueName\":\"search_term_string\"}}],\"inLanguage\":\"en-US\"},{\"@type\":\"Organization\",\"@id\":\"https:\/\/www.resqbit.com\/#organization\",\"name\":\"ResQbit\",\"url\":\"https:\/\/www.resqbit.com\/\",\"logo\":{\"@type\":\"ImageObject\",\"inLanguage\":\"en-US\",\"@id\":\"https:\/\/www.resqbit.com\/#\/schema\/logo\/image\/\",\"url\":\"https:\/\/www.resqbit.com\/wp-content\/uploads\/2025\/01\/Resqbit-web.webp\",\"contentUrl\":\"https:\/\/www.resqbit.com\/wp-content\/uploads\/2025\/01\/Resqbit-web.webp\",\"width\":222,\"height\":101,\"caption\":\"ResQbit\"},\"image\":{\"@id\":\"https:\/\/www.resqbit.com\/#\/schema\/logo\/image\/\"}}]}<\/script>\n<!-- \/ Yoast SEO plugin. -->","yoast_head_json":{"title":"Pol\u00edtica de Privacidad - ResQbit","robots":{"index":"index","follow":"follow","max-snippet":"max-snippet:-1","max-image-preview":"max-image-preview:large","max-video-preview":"max-video-preview:-1"},"canonical":"https:\/\/www.resqbit.com\/en\/politica-de-privacidad\/","og_locale":"en_US","og_type":"article","og_title":"Pol\u00edtica de Privacidad - ResQbit","og_description":"Pol\u00edtica de Privacidad de ResQbit En ResQbit, nos comprometemos a proteger la privacidad de nuestros clientes y usuarios. Esta Pol\u00edtica de Privacidad describe c\u00f3mo recopilamos, usamos, almacenamos y protegemos tu informaci\u00f3n personal. Al utilizar nuestro sitio web o servicios, aceptas los t\u00e9rminos de esta pol\u00edtica. 1. Informaci\u00f3n que recopilamos Podemos recopilar los siguientes tipos de [&hellip;]","og_url":"https:\/\/www.resqbit.com\/en\/politica-de-privacidad\/","og_site_name":"ResQbit","article_modified_time":"2025-01-29T02:45:24+00:00","twitter_card":"summary_large_image","twitter_misc":{"Est. reading time":"2 minutes"},"schema":{"@context":"https:\/\/schema.org","@graph":[{"@type":"WebPage","@id":"https:\/\/www.resqbit.com\/politica-de-privacidad\/","url":"https:\/\/www.resqbit.com\/politica-de-privacidad\/","name":"Pol\u00edtica de Privacidad - ResQbit","isPartOf":{"@id":"https:\/\/www.resqbit.com\/#website"},"datePublished":"2025-01-03T22:19:47+00:00","dateModified":"2025-01-29T02:45:24+00:00","breadcrumb":{"@id":"https:\/\/www.resqbit.com\/politica-de-privacidad\/#breadcrumb"},"inLanguage":"en-US","potentialAction":[{"@type":"ReadAction","target":["https:\/\/www.resqbit.com\/politica-de-privacidad\/"]}]},{"@type":"BreadcrumbList","@id":"https:\/\/www.resqbit.com\/politica-de-privacidad\/#breadcrumb","itemListElement":[{"@type":"ListItem","position":1,"name":"Home","item":"https:\/\/www.resqbit.com\/"},{"@type":"ListItem","position":2,"name":"Pol\u00edtica de Privacidad"}]},{"@type":"WebSite","@id":"https:\/\/www.resqbit.com\/#website","url":"https:\/\/www.resqbit.com\/","name":"ResQbit","description":"Recuperaci\u00f3n de discos duros","publisher":{"@id":"https:\/\/www.resqbit.com\/#organization"},"potentialAction":[{"@type":"SearchAction","target":{"@type":"EntryPoint","urlTemplate":"https:\/\/www.resqbit.com\/?s={search_term_string}"},"query-input":{"@type":"PropertyValueSpecification","valueRequired":true,"valueName":"search_term_string"}}],"inLanguage":"en-US"},{"@type":"Organization","@id":"https:\/\/www.resqbit.com\/#organization","name":"ResQbit","url":"https:\/\/www.resqbit.com\/","logo":{"@type":"ImageObject","inLanguage":"en-US","@id":"https:\/\/www.resqbit.com\/#\/schema\/logo\/image\/","url":"https:\/\/www.resqbit.com\/wp-content\/uploads\/2025\/01\/Resqbit-web.webp","contentUrl":"https:\/\/www.resqbit.com\/wp-content\/uploads\/2025\/01\/Resqbit-web.webp","width":222,"height":101,"caption":"ResQbit"},"image":{"@id":"https:\/\/www.resqbit.com\/#\/schema\/logo\/image\/"}}]}},"_links":{"self":[{"href":"https:\/\/www.resqbit.com\/en\/wp-json\/wp\/v2\/pages\/3","targetHints":{"allow":["GET"]}}],"collection":[{"href":"https:\/\/www.resqbit.com\/en\/wp-json\/wp\/v2\/pages"}],"about":[{"href":"https:\/\/www.resqbit.com\/en\/wp-json\/wp\/v2\/types\/page"}],"author":[{"embeddable":true,"href":"https:\/\/www.resqbit.com\/en\/wp-json\/wp\/v2\/users\/1"}],"replies":[{"embeddable":true,"href":"https:\/\/www.resqbit.com\/en\/wp-json\/wp\/v2\/comments?post=3"}],"version-history":[{"count":10,"href":"https:\/\/www.resqbit.com\/en\/wp-json\/wp\/v2\/pages\/3\/revisions"}],"predecessor-version":[{"id":2569,"href":"https:\/\/www.resqbit.com\/en\/wp-json\/wp\/v2\/pages\/3\/revisions\/2569"}],"wp:attachment":[{"href":"https:\/\/www.resqbit.com\/en\/wp-json\/wp\/v2\/media?parent=3"}],"curies":[{"name":"wp","href":"https:\/\/api.w.org\/{rel}","templated":true}]}}